{"id":5463,"date":"2023-08-14T12:04:17","date_gmt":"2023-08-14T12:04:17","guid":{"rendered":"https:\/\/bolandymoda.com\/product\/kokteyl-narsisizm-fantezisi-2204\/"},"modified":"2023-08-14T12:04:17","modified_gmt":"2023-08-14T12:04:17","slug":"kokteyl-narsisizm-fantezi-2204","status":"publish","type":"product","link":"https:\/\/bolandymoda.com\/tr\/urun\/kokteyl-narsisizm-fantezi-2204\/","title":{"rendered":"Kokteyl -Narsisizm Fantezisi- 2204"},"content":{"rendered":"","protected":false},"excerpt":{"rendered":"<ul>\n<li>Sadece kuru temizleme<\/li>\n<li>T\u00fcrkiye&#8217;de \u00fcretilmi\u015ftir<\/li>\n<\/ul>\n","protected":false},"featured_media":5367,"comment_status":"open","ping_status":"closed","template":"","meta":[],"product_brand":[],"product_cat":[91,95,107,103],"product_tag":[],"class_list":{"0":"post-5463","1":"product","2":"type-product","3":"status-publish","4":"has-post-thumbnail","6":"product_cat-kategori","7":"product_cat-kokteyl","8":"product_cat-narsisizm-fantezisi-2023","9":"product_cat-toplamak","11":"first","12":"instock","13":"shipping-taxable","14":"purchasable","15":"product-type-simple"},"_links":{"self":[{"href":"https:\/\/bolandymoda.com\/tr\/wp-json\/wp\/v2\/product\/5463","targetHints":{"allow":["GET"]}}],"collection":[{"href":"https:\/\/bolandymoda.com\/tr\/wp-json\/wp\/v2\/product"}],"about":[{"href":"https:\/\/bolandymoda.com\/tr\/wp-json\/wp\/v2\/types\/product"}],"replies":[{"embeddable":true,"href":"https:\/\/bolandymoda.com\/tr\/wp-json\/wp\/v2\/comments?post=5463"}],"version-history":[{"count":0,"href":"https:\/\/bolandymoda.com\/tr\/wp-json\/wp\/v2\/product\/5463\/revisions"}],"wp:featuredmedia":[{"embeddable":true,"href":"https:\/\/bolandymoda.com\/tr\/wp-json\/wp\/v2\/media\/5367"}],"wp:attachment":[{"href":"https:\/\/bolandymoda.com\/tr\/wp-json\/wp\/v2\/media?parent=5463"}],"wp:term":[{"taxonomy":"product_brand","embeddable":true,"href":"https:\/\/bolandymoda.com\/tr\/wp-json\/wp\/v2\/product_brand?post=5463"},{"taxonomy":"product_cat","embeddable":true,"href":"https:\/\/bolandymoda.com\/tr\/wp-json\/wp\/v2\/product_cat?post=5463"},{"taxonomy":"product_tag","embeddable":true,"href":"https:\/\/bolandymoda.com\/tr\/wp-json\/wp\/v2\/product_tag?post=5463"}],"curies":[{"name":"wp","href":"https:\/\/api.w.org\/{rel}","templated":true}]}}